{"id":21156,"date":"2020-07-07T19:14:54","date_gmt":"2020-07-07T19:14:54","guid":{"rendered":"https:\/\/hotelguadalestgalaxy.com\/?page_id=21156"},"modified":"2021-01-05T20:33:35","modified_gmt":"2021-01-05T20:33:35","slug":"aviso-legal","status":"publish","type":"page","link":"https:\/\/hotelguadalestgalaxy.com\/en\/aviso-legal\/","title":{"rendered":"Aviso legal"},"content":{"rendered":"<div class=\"vgblk-rw-wrapper limit-wrapper\">&nbsp;<\/p>\n<p>HOTEL ALMANAQUER, LD<br \/>\nPTDA ALMANAQUER 290<br \/>\n03516 BENIMANTELL-ALICANTE<\/p>\n<p>B42695080<\/p>\n<p>&nbsp;<\/p>\n<p>&nbsp;<\/p>\n<p>Aviso legal e informaci\u00f3n sobre las condiciones de<br \/>\nuso de hotel guadalest galaxy Datos identificativos del titular<br \/>\nde la web<br \/>\nEn cumplimiento del deber de informaci\u00f3n estipulado en el art\u00edculo 10 de la Ley 34\/2002 de 11 de julio de<br \/>\nServicios de la Sociedad de la Informaci\u00f3n y de Comercio Electr\u00f3nico, HOTEL ALMANAQUER, LD en calidad de titular del la web www.hotelguadalestgalaxy.com procede a comunicarles los datos<br \/>\nidentificativos exigidos por la referida norma:<br \/>\nDenominaci\u00f3n social: HOTEL ALMANAQUER, LD &#8211; B42695080<br \/>\nDomicilio social: Pla Almanaquer 290. 03516 benimantell, Alicante. Espa\u00f1a<\/p>\n<p>Direcci\u00f3n de correo electr\u00f3nico: info@hotelguadalestgalaxy.com<\/p>\n<p>La presente informaci\u00f3n conforma y regula las condiciones de uso, las limitaciones de responsabilidad y<br \/>\nlas obligaciones que los usuarios de la p\u00e1gina Web que se publica bajo el nombre de dominio<br \/>\nwww.hotelguadalestgalaxy.com asumen y se comprometen a respetar.<br \/>\n1<br \/>\nDefiniciones<br \/>\n\u201cP\u00e1gina\u201d, dominio www.hotelguadalestgalaxy.com que se pone a disposici\u00f3n de los Usuarios de Internet.<br \/>\n\u201cUsuario\u201d, persona f\u00edsica o jur\u00eddica que utiliza o navega por la P\u00e1gina.<br \/>\n\u201cContenido\u201d, son las p\u00e1ginas que conforman la totalidad del dominio www.hotelguadalestgalaxy.com, las cuales<br \/>\nconforman la informaci\u00f3n y los servicios que HOTEL ALMANAQUER, pone a disposici\u00f3n de los Usuarios de<br \/>\nInternet. En ellas se contienen los mensajes, textos, fotograf\u00edas, gr\u00e1ficos, iconos, logos, tecnolog\u00eda, links,<br \/>\ntexturas, dibujos, archivos de sonido y\/o imagen, grabaciones, software, aspecto, dise\u00f1o gr\u00e1fico y<br \/>\nc\u00f3digos fuente y, en general, cualquier clase de material contenido en la P\u00e1gina.<br \/>\n\u201cWeb\u201d, palabra t\u00e9cnica que describe el sistema de acceso a la informaci\u00f3n v\u00eda Internet, que se configura<br \/>\npor medio de p\u00e1ginas confeccionadas con lenguaje HTML o similar, y mecanismos de programaci\u00f3n<br \/>\ntales como java, javascript, PHP, u<br \/>\notros, etc\u2026 En estas p\u00e1ginas dise\u00f1adas y publicadas bajo un nombre de dominio Internet son el<br \/>\nresultado de la informaci\u00f3n que el titular pone a disposici\u00f3n de los Usuarios de Internet.<br \/>\n\u201cHiperenlace\u201d, t\u00e9cnica por la cual un Usuario puede navegar por diferentes p\u00e1ginas de la Web, o por<br \/>\nInternet, con un simple click sobre el texto, icono, bot\u00f3n o indicativo que contiene el enlace.<br \/>\n\u201cCookies\u201d, medio t\u00e9cnico para la \u201ctrazabilidad\u201d y seguimiento de la navegaci\u00f3n en los sitios Web. Son<br \/>\npeque\u00f1os ficheros de texto que se escriben en el ordenador del Usuario. Este m\u00e9todo tiene implicaciones<br \/>\nsobre la privacidad, por lo que HOTEL ALMANAQUER, avisar\u00e1 oportuna y fehacientemente de su utilizaci\u00f3n en<br \/>\nel momento en que se implanten en la P\u00e1gina, a trav\u00e9s de un enlace junto a la pol\u00edtica de privacidad y el<br \/>\naviso legal, denominado \u201cPol\u00edtica de Cookies\u201d.<br \/>\nCondiciones de uso<br \/>\nLa simple y mera utilizaci\u00f3n de la P\u00e1gina otorga la condici\u00f3n de usuario de la P\u00e1gina, bien sea persona<br \/>\nf\u00edsica o jur\u00eddica, y obligatoriamente implica la aceptaci\u00f3n completa, plena y sin reservas de todas y cada<br \/>\nuna de las cl\u00e1usulas y condiciones generales incluidas en el Aviso Legal. Si el Usuario no estuviera<br \/>\nconforme con las cl\u00e1usulas y condiciones de uso de este Aviso Legal, se abstendr\u00e1 de utilizar la P\u00e1gina.<br \/>\nEste Aviso Legal est\u00e1 sujeto a cambios y actualizaciones por lo que la versi\u00f3n publicada por HOTEL ALMANAQUER, puede ser diferente en cada momento en que el Usuario acceda al Portal. Por tanto, el Usuario debe<br \/>\nleer el Aviso Legal en todas y cada una de las ocasiones en que acceda a la P\u00e1gina.<br \/>\n2<br \/>\nA trav\u00e9s de la P\u00e1gina, HOTEL ALMANAQUER, facilita a los Usuarios el acceso y la utilizaci\u00f3n de diversos<br \/>\nContenidos publicados por medio de Internet por HOTEL ALMANAQUER, o por terceros autorizados.<br \/>\nEl Usuario est\u00e1 obligado y se compromete a utilizar la P\u00e1gina y los Contenidos de conformidad con la<br \/>\nlegislaci\u00f3n vigente, el Aviso Legal, y cualquier otro aviso o instrucciones puestos en su conocimiento,<br \/>\nbien sea por medio de este aviso legal o en cualquier otro lugar dentro de los Contenidos que conforman<br \/>\nla P\u00e1gina, as\u00ed como con las normas de convivencia, la moral y buenas costumbres generalmente<br \/>\naceptadas.<br \/>\nA tal efecto, el Usuario se obliga y compromete a NO utilizar cualquiera de los Contenidos con fines o<br \/>\nefectos il\u00edcitos, prohibidos en el Aviso Legal o por la legislaci\u00f3n vigente, lesivos de los derechos e<br \/>\nintereses de terceros, o que de cualquier forma puedan da\u00f1ar, inutilizar, sobrecargar, deteriorar o impedir<br \/>\nla normal utilizaci\u00f3n de los Contenidos, los equipos inform\u00e1ticos o los documentos, archivos y toda clase<br \/>\nde contenidos almacenados en cualquier equipo inform\u00e1tico propios o contratados por HOTEL ALMANAQUER,,<br \/>\nde otros Usuarios o de cualquier usuario de Internet (hardware y software).<br \/>\nEl Usuario se obliga y se compromete a no transmitir, difundir o poner a disposici\u00f3n de terceros cualquier<br \/>\nclase de material contenido en la P\u00e1gina, tales como informaciones, textos, datos, contenidos, mensajes,<br \/>\ngr\u00e1ficos, dibujos, archivos de sonido y\/o imagen, fotograf\u00edas, grabaciones, software, logotipos, marcas,<br \/>\niconos, tecnolog\u00eda, fotograf\u00edas, software, enlaces, dise\u00f1o gr\u00e1fico y c\u00f3digos fuente, o cualquier otro<br \/>\nmaterial al que tuviera acceso en su condici\u00f3n de Usuario de la P\u00e1gina, sin que esta enumeraci\u00f3n tenga<br \/>\ncar\u00e1cter limitativo.<br \/>\nAsimismo, de conformidad con todo ello, el Usuario no podr\u00e1:<br \/>\n\u2981 Reproducir, copiar, distribuir, poner a disposici\u00f3n o de cualquier otra forma comunicar p\u00fablicamente,<br \/>\ntransformar o modificar los Contenidos, a menos que se cuente con la autorizaci\u00f3n escrita y expl\u00edcita de<br \/>\nHOTEL ALMANAQUER,, que es titular de los correspondientes derechos, o bien que ello resulte legalmente<br \/>\npermitido.<br \/>\n\u2981 Suprimir, manipular o de cualquier forma alterar el &#8220;copyright&#8221; y dem\u00e1s datos identificativos de la<br \/>\nreserva de derechos de HOTEL ALMANAQUER,<span style=\"color: var(--vamtam-primary-font-color); letter-spacing: var(--vamtam-primary-font-letter-spacing,normal);\">o de sus titulares, de las huellas y\/o identificadores digitales, o<\/span><\/p>\n<p>de cualesquiera otros medios t\u00e9cnicos establecidos para su reconocimiento.<br \/>\nEl Usuario deber\u00e1 abstenerse de obtener e incluso de intentar obtener los Contenidos empleando para<br \/>\nello medios o procedimientos distintos de los que, seg\u00fan los casos, se hayan puesto a su disposici\u00f3n a<br \/>\neste efecto o se hayan indicado a este efecto en las p\u00e1ginas Web donde se encuentren los Contenidos o,<br \/>\nen general, de los que se empleen habitualmente en Internet a este efecto siempre que no entra\u00f1en un<br \/>\n3<br \/>\nriesgo de da\u00f1o o inutilizaci\u00f3n de la P\u00e1gina, y\/o de los Contenidos.<br \/>\nPropiedad intelectual<br \/>\nTodas las marcas, nombres comerciales o signos distintivos de cualquier clase que aparecen en la<br \/>\nP\u00e1gina son propiedad de HOTEL ALMANAQUER, o, en su caso, de terceros que han autorizado su uso, sin que<br \/>\npueda entenderse que el uso o acceso al Portal y\/o a los Contenidos atribuya al Usuario derecho alguno<br \/>\nsobre las citadas marcas, nombres comerciales y\/o signos distintivos, y sin que puedan entenderse<br \/>\ncedidos al Usuario, ninguno de los derechos de explotaci\u00f3n que existen o puedan existir sobre dichos<br \/>\nContenidos.<br \/>\nDe igual modo los Contenidos son propiedad intelectual de HOTEL ALMANAQUER,, o de terceros en su caso,<br \/>\npor tanto, los derechos de Propiedad Intelectual son titularidad de HOTEL ALMANAQUER,o de terceros que han<br \/>\nautorizado su uso, a quienes corresponde el ejercicio exclusivo de los derechos de explotaci\u00f3n de los<br \/>\nmismos en cualquier forma y, en especial, los derechos de reproducci\u00f3n, distribuci\u00f3n, comunicaci\u00f3n<br \/>\np\u00fablica y transformaci\u00f3n.<br \/>\nLa utilizaci\u00f3n no autorizada de la informaci\u00f3n contenida en esta Web, as\u00ed como la lesi\u00f3n de los derechos<br \/>\nde Propiedad Intelectual o Industrial de HOTEL ALMANAQUER, o de terceros incluidos en la P\u00e1gina que hayan<br \/>\ncedido contenidos dar\u00e1 lugar a las responsabilidades legalmente establecidas.<br \/>\nHiperenlaces<br \/>\nAquellas personas que se propongan establecer hiperenlaces entre su p\u00e1gina Web y la P\u00e1gina deber\u00e1n<br \/>\nobservar y cumplir las condiciones siguientes:<br \/>\n\u2981 No ser\u00e1 necesaria autorizaci\u00f3n previa cuando el Hiperenlace permita \u00fanicamente el acceso a la<br \/>\np\u00e1gina de inicio, pero no podr\u00e1 reproducirla de ninguna forma. Cualquier otra forma de Hiperenlace<br \/>\nrequerir\u00e1 la autorizaci\u00f3n expresa e inequ\u00edvoca por escrito por parte de HOTEL ALMANAQUER,.<br \/>\n\u2981 No se crear\u00e1n \u201cmarcos\u201d (\u201cframes\u201d) con las p\u00e1ginas Web ni sobre las p\u00e1ginas Web de Gran Hotel Bali.<br \/>\n\u2981 No se realizar\u00e1n manifestaciones o indicaciones falsas, inexactas, u ofensivas sobre<br \/>\nHOTEL ALMANAQUER, sus directivos, sus empleados o colaboradores, o de las personas que se relacionen en la P\u00e1gina<br \/>\npor cualquier motivo, o de los Usuarios de las P\u00e1gina, o de los Contenidos suministrados.<br \/>\n\u2981 No se declarar\u00e1 ni se dar\u00e1 a entender que HOTEL ALMANAQUER, ha autorizado el Hiperenlace o que ha<br \/>\n4<br \/>\nsupervisado o asumido de cualquier forma los Contenidos ofrecidos o puestos a disposici\u00f3n de la p\u00e1gina<br \/>\nWeb en la que se establece el Hiperenlace.<br \/>\n-La p\u00e1gina Web en la que se establezca el Hiperenlace solo podr\u00e1 contener lo estrictamente necesario<br \/>\npara identificar el destino del Hiperenlace.<br \/>\n\u2981 La p\u00e1gina Web en la que se establezca el Hiperenlace no contendr\u00e1 informaciones o contenidos<br \/>\nil\u00edcitos, contrarios a la moral y a las buenas costumbres generalmente aceptadas y al orden p\u00fablico, as\u00ed<br \/>\ncomo tampoco contendr\u00e1 contenidos contrarios a cualesquiera derechos de terceros.<br \/>\nDisponibilidad de la P\u00e1gina<br \/>\nHOTEL ALMANAQUER, no garantiza la inexistencia de interrupciones o errores en el acceso a la P\u00e1gina, a sus<br \/>\nContenidos, ni que \u00e9ste se encuentren actualizados, aunque desarrollar\u00e1 sus mejores esfuerzos para, en<br \/>\nsu caso, evitarlos, subsanarlos o actualizarlos. Por consiguiente, HOTEL ALMANAQUER, no se responsabiliza<br \/>\nde los da\u00f1os o perjuicios de cualquier tipo producidos en el Usuario que traigan causa de fallos o<br \/>\ndesconexiones en las redes de telecomunicaciones que produzcan la suspensi\u00f3n, cancelaci\u00f3n o<br \/>\ninterrupci\u00f3n del servicio del Portal durante la prestaci\u00f3n del mismo o con car\u00e1cterprevio.<br \/>\nHOTEL ALMANAQUER,excluye, con las excepciones contempladas en la legislaci\u00f3n vigente, cualquier<br \/>\nresponsabilidad por los da\u00f1os y perjuicios de toda naturaleza que puedan deberse a la falta de<br \/>\ndisponibilidad, continuidad o calidad del funcionamiento de la P\u00e1gina y de los Contenidos, al no<br \/>\ncumplimiento de la expectativa de utilidad que los usuarios hubieren podido atribuir a la P\u00e1gina y a los<br \/>\nContenidos.<br \/>\nLa funci\u00f3n de los Hiperenlaces que aparecen en esta Web es exclusivamente la de informar al usuario<br \/>\nacerca de la existencia de otras Web que contienen informaci\u00f3n sobre la materia. Dichos Hiperenlaces<br \/>\nno constituyen sugerencia ni recomendaci\u00f3n alguna.<br \/>\nHOTEL ALMANAQUER, no se hace responsable de los contenidos de dichas p\u00e1ginas enlazadas, del<br \/>\nfuncionamiento o utilidad de los Hiperenlaces ni del resultado de dichos enlaces, ni garantiza la ausencia<br \/>\nde virus u otros elementos en los mismos que puedan producir alteraciones en el sistema inform\u00e1tico<br \/>\n(hardware y software), los documentos o los ficheros del usuario, excluyendo cualquier responsabilidad<br \/>\npor los da\u00f1os de cualquier clase causados al usuario por estemotivo.<br \/>\nEl acceso a la P\u00e1gina no implica la obligaci\u00f3n por parte de HOTEL ALMANAQUER, de controlar la ausencia de<br \/>\nvirus, gusanos o cualquier otro elemento inform\u00e1tico da\u00f1ino. Corresponde al Usuario, en todo caso, la<br \/>\n5<br \/>\ndisponibilidad de herramientas adecuadas para la detecci\u00f3n y desinfecci\u00f3n de programas inform\u00e1ticos<br \/>\nda\u00f1inos, por lo tanto, HOTEL ALMANAQUER, no se hace responsable de los posibles errores de seguridad que<br \/>\nse puedan producir durante la prestaci\u00f3n del servicio de la P\u00e1gina, ni de los posibles da\u00f1os que puedan<br \/>\ncausarse al sistema inform\u00e1tico del usuario o de terceros (hardware y software), los ficheros o<br \/>\ndocumentos almacenados en el mismo, como consecuencia de la presencia de virus en el ordenador del<br \/>\nusuario utilizado para la conexi\u00f3n a los servicios y contenidos de la Web, de un mal funcionamiento del<br \/>\nnavegador o del uso de versiones no actualizadas del mismo.<br \/>\nCalidad de la P\u00e1gina<br \/>\nDado el entorno din\u00e1mico y cambiante de la informaci\u00f3n y servicios que se suministran por medio de la<br \/>\nP\u00e1gina, HOTEL ALMANAQUER, realiza su mejor esfuerzo, pero no garantiza la completa veracidad, exactitud,<br \/>\nfiabilidad, utilidad y\/o actualidad de los Contenidos.<br \/>\nLa informaci\u00f3n contenida en las p\u00e1ginas que componen este Portal s\u00f3lo tiene car\u00e1cter informativo,<br \/>\nconsultivo, divulgativo y publicitario. En ning\u00fan caso ofrecen ni tienen car\u00e1cter de compromiso vinculante<br \/>\no contractual.<br \/>\nLimitaci\u00f3n de responsabilidad<br \/>\nHOTEL ALMANAQUER, excluye toda responsabilidad por las decisiones que el Usuario pueda tomar basado en<br \/>\nesta informaci\u00f3n, as\u00ed como por los posibles errores tipogr\u00e1ficos que puedan contener los documentos y<br \/>\ngr\u00e1ficos de la P\u00e1gina. La informaci\u00f3n<br \/>\nest\u00e1 sometida a posibles cambios peri\u00f3dicos sin previo aviso de su contenido por ampliaci\u00f3n, mejora,<br \/>\ncorrecci\u00f3n o actualizaci\u00f3n de los Contenidos.<br \/>\nNotificaciones<br \/>\nTodas las notificaciones y comunicaciones por parte de HOTEL ALMANAQUER, al Usuario realizados por<br \/>\ncualquier medio se considerar\u00e1n eficaces a todos los efectos.<br \/>\nDisponibilidad de los Contenidos<br \/>\nLa prestaci\u00f3n del servicio de la P\u00e1gina y de los Contenidos tiene, en principio, duraci\u00f3n indefinida.<br \/>\nHOTEL ALMANAQUER,, no obstante, queda autorizada para dar por terminada o suspender la prestaci\u00f3n del servicio<br \/>\nde la P\u00e1gina y\/o de cualquiera de los Contenidos en cualquier momento. Cuando ello sea<br \/>\n6<br \/>\nrazonablemente posible, HOTEL ALMANAQUER, advertir\u00e1 previamente la terminaci\u00f3n o suspensi\u00f3n de la<br \/>\nP\u00e1gina.<br \/>\nProtecci\u00f3n de Datos de Car\u00e1cter Personal<br \/>\nHOTEL ALMANAQUER, es consciente de la importancia de la privacidad de los datos de car\u00e1cter personal y por<br \/>\nello, ha implementado una pol\u00edtica de tratamiento de datos orientada a proveer la m\u00e1xima seguridad en<br \/>\nel uso y recogida de los mismos, garantizando el cumplimiento de la normativa vigente en la materia y<br \/>\nconfigurando dicha pol\u00edtica como uno de los pilares b\u00e1sicos en las l\u00edneas de actuaci\u00f3n de la entidad.<br \/>\nPor favor, le rogamos lea detenidamente la Pol\u00edtica de Privacidad de nuestra web, cuyo enlace se<br \/>\nencuentra a pie de p\u00e1gina, junto al presente Aviso Legal.<br \/>\nJurisdicci\u00f3n<br \/>\nPara cuantas cuestiones se susciten sobre la interpretaci\u00f3n, aplicaci\u00f3n y cumplimiento de este Aviso<br \/>\nLegal, as\u00ed como de las reclamaciones que puedan derivarse de su uso, todos las partes intervinientes se<br \/>\nsometen a los Jueces y Tribunales de Sevilla, renunciando de forma expresa a cualquier otro fuero que<br \/>\npudiera corresponderles.<br \/>\nLegislaci\u00f3n aplicable<br \/>\nEl Aviso Legal se rige por la ley espa\u00f1ola.<br \/>\nCopyright \u00a9 2020 \u2013 HOTEL ALMANAQUER,<br \/>\nReservados todos los derechos de autor por las leyes y tratados internacionales de propiedad intelectual.<br \/>\nQueda expresamente prohibida su copia, reproducci\u00f3n o difusi\u00f3n, total o parcial,<\/p><\/div>\n<p><!-- .vgblk-rw-wrapper --><\/p>\n","protected":false},"excerpt":{"rendered":"<p>&nbsp; HOTEL ALMANAQUER, LD PTDA ALMANAQUER 290 03516 BENIMANTELL-ALICANTE B42695080 &nbsp; &nbsp; Aviso legal e informaci\u00f3n sobre las condiciones de uso de hotel guadalest galaxy Datos identificativos del titular de&#8230;<\/p>\n","protected":false},"author":1,"featured_media":0,"parent":0,"menu_order":0,"comment_status":"closed","ping_status":"closed","template":"","meta":{"inline_featured_image":false,"footnotes":""},"class_list":["post-21156","page","type-page","status-publish","hentry"],"_links":{"self":[{"href":"https:\/\/hotelguadalestgalaxy.com\/en\/wp-json\/wp\/v2\/pages\/21156","targetHints":{"allow":["GET"]}}],"collection":[{"href":"https:\/\/hotelguadalestgalaxy.com\/en\/wp-json\/wp\/v2\/pages"}],"about":[{"href":"https:\/\/hotelguadalestgalaxy.com\/en\/wp-json\/wp\/v2\/types\/page"}],"author":[{"embeddable":true,"href":"https:\/\/hotelguadalestgalaxy.com\/en\/wp-json\/wp\/v2\/users\/1"}],"replies":[{"embeddable":true,"href":"https:\/\/hotelguadalestgalaxy.com\/en\/wp-json\/wp\/v2\/comments?post=21156"}],"version-history":[{"count":3,"href":"https:\/\/hotelguadalestgalaxy.com\/en\/wp-json\/wp\/v2\/pages\/21156\/revisions"}],"predecessor-version":[{"id":21183,"href":"https:\/\/hotelguadalestgalaxy.com\/en\/wp-json\/wp\/v2\/pages\/21156\/revisions\/21183"}],"wp:attachment":[{"href":"https:\/\/hotelguadalestgalaxy.com\/en\/wp-json\/wp\/v2\/media?parent=21156"}],"curies":[{"name":"wp","href":"https:\/\/api.w.org\/{rel}","templated":true}]}}