{"id":21158,"date":"2020-07-07T19:36:47","date_gmt":"2020-07-07T19:36:47","guid":{"rendered":"https:\/\/hotelguadalestgalaxy.com\/?page_id=21158"},"modified":"2020-07-07T19:41:39","modified_gmt":"2020-07-07T19:41:39","slug":"politica-de-cookies","status":"publish","type":"page","link":"https:\/\/hotelguadalestgalaxy.com\/en\/politica-de-cookies\/","title":{"rendered":"Pol\u00edtica de cookies"},"content":{"rendered":"<div class=\"vgblk-rw-wrapper limit-wrapper\">\n<h2>Pol\u00edtica de cookies<\/h2>\n<h3>INFORMACI\u00d3N SOBRE COOKIES<\/h3>\n<p>Debido a la entrada en vigor de la referente modificaci\u00f3n de la \u201cLey de Servicios de la Sociedad de la Informaci\u00f3n\u201d (LSSICE) establecida por el Real Decreto 13\/2012, es de obligaci\u00f3n obtener el consentimiento expreso del usuario de todas las p\u00e1ginas web que usan cookies prescindibles, antes de que \u00e9ste navegue por ellas.<\/p>\n<h3>\u00bfQU\u00c9 SON LAS COOKIES?<\/h3>\n<p>Las cookies y otras tecnolog\u00edas similares tales como local shared objects, flash cookies o p\u00edxeles, son herramientas<br \/>\nempleadas por los servidores Web para almacenar y recuperar informaci\u00f3n acerca de sus visitantes, as\u00ed como para ofrecer<br \/>\nun correcto funcionamiento del sitio.<\/p>\n<p>Mediante el uso de estos dispositivos se permite al servidor Web recordar algunos datos concernientes al usuario, como<br \/>\nsus preferencias para la visualizaci\u00f3n de las p\u00e1ginas de ese servidor, nombre y contrase\u00f1a, productos que m\u00e1s le<br \/>\ninteresan, etc.<\/p>\n<h3>COOKIES AFECTADAS POR LA NORMATIVA Y COOKIES EXCEPTUADAS<\/h3>\n<p>Seg\u00fan la directiva de la UE, las cookies que requieren el consentimiento informado por parte del usuario son las cookies de anal\u00edtica y las de publicidad y afiliaci\u00f3n, quedando exceptuadas las de car\u00e1cter t\u00e9cnico y las necesarias para el funcionamiento del sitio web o la prestaci\u00f3n de servicios expresamente solicitados por el usuario.<\/p>\n<h3>\u00bfQU\u00c9 TIPOS DE COOKIES EXISTEN?<\/h3>\n<p>Sobre los tipos de cookies, existen cinco grandes grupos:<\/p>\n<ul>\n<li>Cookies anal\u00edticas: recogen informaci\u00f3n del uso que se realiza del sitio web.<\/li>\n<li>Cookies sociales: son aquellas necesarias para redes sociales externas.<\/li>\n<li>Cookies de afiliados: permiten hacer un seguimiento de las visitas procedentes de otras webs, con las que el sitio web establece un contrato de afiliaci\u00f3n (empresas de afiliaci\u00f3n).<\/li>\n<li>Cookies de publicidad y comportamentales: recogen informaci\u00f3n sobre las preferencias y elecciones personales del usuario (retargeting).<\/li>\n<li>Cookies t\u00e9cnicas y funcionales: son las estrictamente necesarias para el uso del sitio web y para la prestaci\u00f3n del servicio contratado.<\/li>\n<\/ul>\n<h3>COOKIES QUE SE UTILIZAN EN ESTE SITIO WEB<\/h3>\n<p>H10: cookie t\u00e9cnica y estrictamente necesaria que contiene el identificador de la sesi\u00f3n. Se elimina al cerrar el navegador.<\/p>\n<p>scwCookie: cookie t\u00e9cnica y estrictamente necesaria que contiene el valor de si se ha aceptado la instalaci\u00f3n de cookies. Caduca en 1 a\u00f1o desde la \u00faltima actualizaci\u00f3n.<\/p>\n<p>_ga: cookie de Google Analytics que habilita la funci\u00f3n de control de visitas \u00fanicas. La primera vez que un usuario entre en el sitio web a trav\u00e9s de un navegador se instalar\u00e1 esta cookie. Cuando este usuario vuelva a entrar en la web con el mismo navegador, la cookie considerar\u00e1 que es el mismo usuario. Solo en el caso de que el usuario cambie de navegador, se considerar\u00e1 otro usuario. Caduca a los 2 a\u00f1os desde la \u00faltima actualizaci\u00f3n.<\/p>\n<p>_gid: cookie de Google Analytics. Se usa para distinguir a los usuarios. Caduca a las 24 horas.<\/p>\n<p>_gat: Esta cookie se asocia con Google Analytics Universal. Se utiliza para limitar la velocidad de petici\u00f3n \u2013 la limitaci\u00f3n de la recogida de datos en los sitios de alto tr\u00e1fico. Caduca a los 10 minutos.<\/p>\n<p>_utma: cookie de Google Analytics que registra la fecha de la primera y \u00faltima vez que el usuario visti\u00f3 el sitio web. Caduca a los 2 a\u00f1os desde la \u00faltima actualizaci\u00f3n.<\/p>\n<p>_utmb: cookie de Google Analytics que registra la hora de llegada a la p\u00e1gina web. Caduca a los 30 minutos desde la \u00faltima actualizaci\u00f3n._utmc: cookie de Google Analytics utilizada para la interoperabilidad con el c\u00f3digo de seguimiento urchin.js. Se elimina al cerrar el navegador.<\/p>\n<p>_utmt: cookie de Google Analytics. Esta cookie se utiliza para procesar el tipo de solicitud pedida por el usuario. Caduca al finalizar la sesi\u00f3n.<\/p>\n<p>_utmv: cookie de Google Analytics. Esta cookie se utiliza para segmentar datos demogr\u00e1ficos. Caduca al finalizar la sesi\u00f3n.<\/p>\n<p>_utmz: cookie de Google Analytics que almacena la fuente de tr\u00e1fico o una campa\u00f1a para explicar c\u00f3mo el usuario lleg\u00f3 al sitio web. Caduca a los 6 meses desde la \u00faltima actualizaci\u00f3n.<\/p>\n<h3>REVOCACI\u00d3N DEL CONSENTIMIENTO PARA INSTALAR COOKIES<\/h3>\n<p><strong>COMO ELIMINAR LAS COOKIES DEL NAVEGADOR<\/strong><\/p>\n<p><strong>Chrome<\/strong><\/p>\n<ol>\n<li>Selecciona el icono de Herramientas<\/li>\n<li>Haz clic en Configuraci\u00f3n.<\/li>\n<li>Haz clic en Mostrar Opciones Avanzadas.<\/li>\n<li>En la secci\u00f3n \u201cPrivacidad\u201d haz clic en Configuraci\u00f3n de contenido.\n<ul>\n<li>Eliminar cookies: Haz clic en Todas las cookies y los datos de sitios\u2026<\/li>\n<li>No permitir que se almacenen cookies.<\/li>\n<\/ul>\n<\/li>\n<li>Haz clic en Eliminar datos de navegaci\u00f3n (vaciar la Cach\u00e9).<\/li>\n<li>Cierra y reinicia el navegador.<\/li>\n<\/ol>\n<p>Para m\u00e1s informaci\u00f3n sobre Chrome pulsa aqu\u00ed:\u00a0<a href=\"http:\/\/support.google.com\/chrome\/answer\/95647?hl=es\" target=\"_blank\" rel=\"noreferrer noopener\">http:\/\/support.google.com\/chrome\/answer\/95647?hl=es<\/a><\/p>\n<p><strong>Internet Explorer<\/strong>. Versi\u00f3n 11<\/p>\n<ol>\n<li>Selecciona Herramientas | Opciones de Internet.<\/li>\n<li>Haz clic en la ficha General.<\/li>\n<li>En la secci\u00f3n \u201cHistorial de exploraci\u00f3n\u201d, haz clic en Eliminar el historial de exploraci\u00f3n al salir.<\/li>\n<li>Seleccionar Eliminar archivos.<\/li>\n<li>Seleccionar Eliminar cookies.<\/li>\n<li>Haz clic en Eliminar.<\/li>\n<li>Haz clic en Aceptar.<\/li>\n<li>Cierra y reinicia el navegador.<\/li>\n<\/ol>\n<p>Para m\u00e1s informaci\u00f3n sobre Internet Explorer pulsa aqu\u00ed:\u00a0<a href=\"https:\/\/support.microsoft.com\/es-es\/help\/17442\/windows-internet-explorer-delete-manage-cookies\" target=\"_blank\" rel=\"noreferrer noopener\">https:\/\/support.microsoft.com\/es-es\/help\/17442\/windows-internet-explorer-delete-manage-cookies<\/a><\/p>\n<p><strong>Firefox<\/strong>. Versi\u00f3n 18<\/p>\n<ol>\n<li>Selecciona Firefox | Historial | Limpiar el historial reciente.<\/li>\n<li>Al lado de \u201cDetalles\u201d, haz clic en la flecha hacia abajo.<\/li>\n<li>Selecciona las siguientes casillas de verificaci\u00f3n: Cookies, Cach\u00e9, Inicios de sesi\u00f3n activos<\/li>\n<li>Usando el \u201cIntervalo de tiempo para borrar\u201d en el men\u00fa desplegable, selecciona Todo.<\/li>\n<li>Haz clic en Borrar ahora.<\/li>\n<li>Cierra y reinicia el navegador.<\/li>\n<\/ol>\n<p>Puedes aceptar o rechazar las cookies individualmente en las Preferencias de Firefox, en la secci\u00f3n Historial disponible en Herramientas &gt; Opciones &gt; Privacidad.<\/p>\n<p>Para m\u00e1s informaci\u00f3n sobre Mozilla Firefox pulsa aqu\u00ed:\u00a0<a href=\"https:\/\/support.mozilla.org\/es\/kb\/habilitar-y-deshabilitar-cookies-sitios-web-rastrear-preferencias\" target=\"_blank\" rel=\"noreferrer noopener\">https:\/\/support.mozilla.org\/es\/kb\/habilitar-y-deshabilitar-cookies-sitios-web-rastrear-preferencias<\/a><\/p>\n<p><strong>Safari<\/strong>\u00a0Versi\u00f3n 5.1<\/p>\n<ol>\n<li>Selecciona el icono de Safari \/ Editar | Restaurar Safari.<\/li>\n<li>Selecciona las siguientes casillas de verificaci\u00f3n: Borrar el historial, Eliminar todos los datos de sitio web<\/li>\n<li>Haz clic en Restablecer.<\/li>\n<li>Cierra y reinicia el navegador.<\/li>\n<\/ol>\n<p>Para m\u00e1s informaci\u00f3n sobre Safari pulsa aqu\u00ed:\u00a0<a href=\"https:\/\/support.apple.com\/es-es\/guide\/safari\/sfri11471\/mac\">https:\/\/support.apple.com\/es-es\/guide\/safari\/sfri11471\/mac<\/a><\/p>\n<p><strong>Opera<\/strong><\/p>\n<p>Opciones \u2013 Avanzado \u2013 Cookies.<\/p>\n<ul>\n<li>Las opciones de cookies controlan el modo en que Opera los maneja y por lo tanto su aceptaci\u00f3n o rechazo.<\/li>\n<li>Para m\u00e1s informaci\u00f3n sobre \u00d3pera pulsa aqu\u00ed:\u00a0<a href=\"http:\/\/help.opera.com\/Linux\/10.60\/es-ES\/cookies.html\" target=\"_blank\" rel=\"noreferrer noopener\">http:\/\/help.opera.com\/Linux\/10.60\/es-ES\/cookies.html<\/a><\/li>\n<\/ul>\n<p><strong>Otros navegadores<\/strong><\/p>\n<p>Consulta la documentaci\u00f3n del navegador que tengas instalado.<\/p>\n<h3>RESPONSABLE DEL TRATAMIENTO<\/h3>\n<p>HOTEL GUADALEST GALAXY<br \/>\nPla Almanaquer 290. 03516 benimantell, Alicante. Espa\u00f1a<br \/>\nEmail:\u00a0info@refrimaster.net<\/p>\n<p>REFRIMASTER S.L ., en adelante RESPONSABLE, es el Responsable del tratamiento de los datos personales del Usuario. Por ello le informa de que estos datos ser\u00e1n siempre tratados conforme a lo dispuesto en el Reglamento (UE) 2016\/679 de 27 de abril de 2016 (GDPR) con relaci\u00f3n a la protecci\u00f3n de las personas f\u00edsicas en lo respectivo al tratamiento de datos personales y a la libre circulaci\u00f3n de estos datos. Debido a esto, se facilita al usuario la siguiente informaci\u00f3n acerca del tratamienjto de sus datos:<\/p>\n<p>Fin del tratamiento: mantener una relaci\u00f3n comercial con el Usuario. Las operaciones previstas para realizar el tratamiento son:<\/p>\n<ul>\n<li>La remisi\u00f3n de comunicaciones comerciales publicitarias v\u00eda email, fax, SMS, MMS, comunidades sociales o cualquier otro medio electr\u00f3nico o f\u00edsico, presente o futuro, que permita realizar comunicaciones comerciales. Estas comunicaciones ser\u00e1n realizadas por el RESPONSABLE y relacionadas con sus productos y servicios, o sus colaboradores o proveedores con los que \u00e9ste haya alcanzado alg\u00fan tipo de acuerdo de promoci\u00f3n. En este caso, los terceros nunca podr\u00e1n tener acceso a los datos personales.<\/li>\n<li>La realizaci\u00f3n de estudios estad\u00edsticos.<\/li>\n<li>La tramitaci\u00f3n de encargos, solicitudes o cualquier tipo de petici\u00f3n que pudiera ser realizada por el usuario a trav\u00e9s de cualquiera de las maneras de contacto que est\u00e1n a su disposici\u00f3n.<\/li>\n<li>La remisi\u00f3n del bolet\u00edn de noticias de la p\u00e1gina web.<\/li>\n<\/ul>\n<p><strong>Base jur\u00eddica del tratamiento<\/strong>: consentimiento del interesado.<\/p>\n<p><strong>Conservaci\u00f3n de los datos<\/strong>:\u00a0algunas cookies se guardan mientras dure la sesi\u00f3n abierta (m\u00e1ximo 2 hosras). Por otra parte los datos extraidos por cookies de anal\u00edtica de navegaci\u00f3n ser\u00e1n almacenados durante dos a\u00f1os.<\/p>\n<p><strong>Comunicaci\u00f3n de\u00a0los datos<\/strong>: no se comunicar\u00e1n los datos a terceros, salvo a Google con fines de anal\u00edtica de navegaci\u00f3n web.<\/p>\n<p>Derechos que asisten al usuario:<\/p>\n<ul>\n<li>El usuario tiene el derecho a retirar el consentimiento en cualquier momento que desee.<\/li>\n<li>El usuario dispone del derecho de acceso, rectificaci\u00f3n, portabilidad y supresi\u00f3n de sus datos, as\u00ed como a la limitaci\u00f3n u oposici\u00f3n a su tratamiento.<\/li>\n<li>El usuario ostentar\u00e1 el derecho a presentar una reclamaci\u00f3n ante la autoridad de control siempre que estime que el tratamiento de sus datos no se ajusta a la normativa vigente.<\/li>\n<\/ul>\n<p>Datos de contacto para ejercer sus derechos:Direcci\u00f3n postal: Pla Almanaquer 290. 03516 benimantell, Alicante. Espa\u00f1a<br \/>\nEmail: info@hotelguadalestgalaxy.com<\/p><\/div>\n<p><!-- .vgblk-rw-wrapper --><\/p>\n","protected":false},"excerpt":{"rendered":"<p>Pol\u00edtica de cookies INFORMACI\u00d3N SOBRE COOKIES Debido a la entrada en vigor de la referente modificaci\u00f3n de la \u201cLey de Servicios de la Sociedad de la Informaci\u00f3n\u201d (LSSICE) establecida por&#8230;<\/p>\n","protected":false},"author":1,"featured_media":0,"parent":0,"menu_order":0,"comment_status":"closed","ping_status":"closed","template":"","meta":{"inline_featured_image":false,"footnotes":""},"class_list":["post-21158","page","type-page","status-publish","hentry"],"_links":{"self":[{"href":"https:\/\/hotelguadalestgalaxy.com\/en\/wp-json\/wp\/v2\/pages\/21158","targetHints":{"allow":["GET"]}}],"collection":[{"href":"https:\/\/hotelguadalestgalaxy.com\/en\/wp-json\/wp\/v2\/pages"}],"about":[{"href":"https:\/\/hotelguadalestgalaxy.com\/en\/wp-json\/wp\/v2\/types\/page"}],"author":[{"embeddable":true,"href":"https:\/\/hotelguadalestgalaxy.com\/en\/wp-json\/wp\/v2\/users\/1"}],"replies":[{"embeddable":true,"href":"https:\/\/hotelguadalestgalaxy.com\/en\/wp-json\/wp\/v2\/comments?post=21158"}],"version-history":[{"count":1,"href":"https:\/\/hotelguadalestgalaxy.com\/en\/wp-json\/wp\/v2\/pages\/21158\/revisions"}],"predecessor-version":[{"id":21159,"href":"https:\/\/hotelguadalestgalaxy.com\/en\/wp-json\/wp\/v2\/pages\/21158\/revisions\/21159"}],"wp:attachment":[{"href":"https:\/\/hotelguadalestgalaxy.com\/en\/wp-json\/wp\/v2\/media?parent=21158"}],"curies":[{"name":"wp","href":"https:\/\/api.w.org\/{rel}","templated":true}]}}